{"id":397,"date":"2020-07-29T12:39:42","date_gmt":"2020-07-29T12:39:42","guid":{"rendered":"http:\/\/www.les-antilles-en-voilier.com\/infocroisiere\/?page_id=397"},"modified":"2020-08-08T10:56:35","modified_gmt":"2020-08-08T10:56:35","slug":"year","status":"publish","type":"page","link":"https:\/\/www.les-antilles-en-voilier.com\/infocroisiere\/year\/","title":{"rendered":"year"},"content":{"rendered":"","protected":false},"excerpt":{"rendered":"","protected":false},"author":1,"featured_media":411,"parent":0,"menu_order":0,"comment_status":"closed","ping_status":"closed","template":"pageLivrePerYear.php","meta":{"footnotes":""},"yoast_head":"<!-- This site is optimized with the Yoast SEO plugin v22.5 - https:\/\/yoast.com\/wordpress\/plugins\/seo\/ -->\n<title>Livre d&#039;or des Antilles en Voilier: photos d&#039;une croisi\u00e8re r\u00e9ussie<\/title>\n<meta name=\"description\" content=\"T\u00e9moignages en images d&#039;une croisi\u00e8re en catamaran avec skipper aux Antilles r\u00e9ussie. A votre tour de tenter l&#039;&#039;exp\u00e9rience!\" \/>\n<meta name=\"robots\" content=\"index, follow, max-snippet:-1, max-image-preview:large, max-video-preview:-1\" \/>\n<link rel=\"canonical\" href=\"https:\/\/www.les-antilles-en-voilier.com\/infocroisiere\/year\/\" \/>\n<meta property=\"og:locale\" content=\"fr_FR\" \/>\n<meta property=\"og:type\" content=\"article\" \/>\n<meta property=\"og:title\" content=\"Livre d&#039;or des Antilles en Voilier: photos d&#039;une croisi\u00e8re r\u00e9ussie\" \/>\n<meta property=\"og:description\" content=\"T\u00e9moignages en images d&#039;une croisi\u00e8re en catamaran avec skipper aux Antilles r\u00e9ussie. A votre tour de tenter l&#039;&#039;exp\u00e9rience!\" \/>\n<meta property=\"og:url\" content=\"https:\/\/www.les-antilles-en-voilier.com\/infocroisiere\/year\/\" \/>\n<meta property=\"og:site_name\" content=\"Les Antilles en Voilier\" \/>\n<meta property=\"article:publisher\" content=\"https:\/\/www.facebook.com\/thomascapvoile\/\" \/>\n<meta property=\"article:modified_time\" content=\"2020-08-08T10:56:35+00:00\" \/>\n<meta property=\"og:image\" content=\"https:\/\/www.les-antilles-en-voilier.com\/infocroisiere\/wp-content\/uploads\/2020\/07\/photo6.jpg\" \/>\n\t<meta property=\"og:image:width\" content=\"750\" \/>\n\t<meta property=\"og:image:height\" content=\"421\" \/>\n\t<meta property=\"og:image:type\" content=\"image\/jpeg\" \/>\n<meta name=\"twitter:card\" content=\"summary_large_image\" \/>\n<script type=\"application\/ld+json\" class=\"yoast-schema-graph\">{\"@context\":\"https:\/\/schema.org\",\"@graph\":[{\"@type\":\"WebPage\",\"@id\":\"https:\/\/www.les-antilles-en-voilier.com\/infocroisiere\/year\/\",\"url\":\"https:\/\/www.les-antilles-en-voilier.com\/infocroisiere\/year\/\",\"name\":\"Livre d'or des Antilles en Voilier: photos d'une croisi\u00e8re r\u00e9ussie\",\"isPartOf\":{\"@id\":\"http:\/\/www.les-antilles-en-voilier.com\/infocroisiere\/#website\"},\"primaryImageOfPage\":{\"@id\":\"https:\/\/www.les-antilles-en-voilier.com\/infocroisiere\/year\/#primaryimage\"},\"image\":{\"@id\":\"https:\/\/www.les-antilles-en-voilier.com\/infocroisiere\/year\/#primaryimage\"},\"thumbnailUrl\":\"https:\/\/www.les-antilles-en-voilier.com\/infocroisiere\/wp-content\/uploads\/2020\/07\/photo6.jpg\",\"datePublished\":\"2020-07-29T12:39:42+00:00\",\"dateModified\":\"2020-08-08T10:56:35+00:00\",\"description\":\"T\u00e9moignages en images d'une croisi\u00e8re en catamaran avec skipper aux Antilles r\u00e9ussie. A votre tour de tenter l''exp\u00e9rience!\",\"breadcrumb\":{\"@id\":\"https:\/\/www.les-antilles-en-voilier.com\/infocroisiere\/year\/#breadcrumb\"},\"inLanguage\":\"fr-FR\",\"potentialAction\":[{\"@type\":\"ReadAction\",\"target\":[\"https:\/\/www.les-antilles-en-voilier.com\/infocroisiere\/year\/\"]}]},{\"@type\":\"ImageObject\",\"inLanguage\":\"fr-FR\",\"@id\":\"https:\/\/www.les-antilles-en-voilier.com\/infocroisiere\/year\/#primaryimage\",\"url\":\"https:\/\/www.les-antilles-en-voilier.com\/infocroisiere\/wp-content\/uploads\/2020\/07\/photo6.jpg\",\"contentUrl\":\"https:\/\/www.les-antilles-en-voilier.com\/infocroisiere\/wp-content\/uploads\/2020\/07\/photo6.jpg\",\"width\":750,\"height\":421,\"caption\":\"dig\"},{\"@type\":\"BreadcrumbList\",\"@id\":\"https:\/\/www.les-antilles-en-voilier.com\/infocroisiere\/year\/#breadcrumb\",\"itemListElement\":[{\"@type\":\"ListItem\",\"position\":1,\"name\":\"Accueil\",\"item\":\"http:\/\/www.les-antilles-en-voilier.com\/infocroisiere\/\"},{\"@type\":\"ListItem\",\"position\":2,\"name\":\"year\"}]},{\"@type\":\"WebSite\",\"@id\":\"http:\/\/www.les-antilles-en-voilier.com\/infocroisiere\/#website\",\"url\":\"http:\/\/www.les-antilles-en-voilier.com\/infocroisiere\/\",\"name\":\"Les Antilles en Voilier\",\"description\":\"Location de catamaran aux Antilles avec skipper\",\"publisher\":{\"@id\":\"http:\/\/www.les-antilles-en-voilier.com\/infocroisiere\/#organization\"},\"potentialAction\":[{\"@type\":\"SearchAction\",\"target\":{\"@type\":\"EntryPoint\",\"urlTemplate\":\"http:\/\/www.les-antilles-en-voilier.com\/infocroisiere\/?s={search_term_string}\"},\"query-input\":\"required name=search_term_string\"}],\"inLanguage\":\"fr-FR\"},{\"@type\":\"Organization\",\"@id\":\"http:\/\/www.les-antilles-en-voilier.com\/infocroisiere\/#organization\",\"name\":\"SARL Cap Croisi\u00e8res Voile\",\"url\":\"http:\/\/www.les-antilles-en-voilier.com\/infocroisiere\/\",\"logo\":{\"@type\":\"ImageObject\",\"inLanguage\":\"fr-FR\",\"@id\":\"http:\/\/www.les-antilles-en-voilier.com\/infocroisiere\/#\/schema\/logo\/image\/\",\"url\":\"http:\/\/www.les-antilles-en-voilier.com\/infocroisiere\/wp-content\/uploads\/2020\/08\/LOGOCCV.png\",\"contentUrl\":\"http:\/\/www.les-antilles-en-voilier.com\/infocroisiere\/wp-content\/uploads\/2020\/08\/LOGOCCV.png\",\"width\":805,\"height\":739,\"caption\":\"SARL Cap Croisi\u00e8res Voile\"},\"image\":{\"@id\":\"http:\/\/www.les-antilles-en-voilier.com\/infocroisiere\/#\/schema\/logo\/image\/\"},\"sameAs\":[\"https:\/\/www.facebook.com\/thomascapvoile\/\"]}]}<\/script>\n<!-- \/ Yoast SEO plugin. -->","yoast_head_json":{"title":"Livre d'or des Antilles en Voilier: photos d'une croisi\u00e8re r\u00e9ussie","description":"T\u00e9moignages en images d'une croisi\u00e8re en catamaran avec skipper aux Antilles r\u00e9ussie. A votre tour de tenter l''exp\u00e9rience!","robots":{"index":"index","follow":"follow","max-snippet":"max-snippet:-1","max-image-preview":"max-image-preview:large","max-video-preview":"max-video-preview:-1"},"canonical":"https:\/\/www.les-antilles-en-voilier.com\/infocroisiere\/year\/","og_locale":"fr_FR","og_type":"article","og_title":"Livre d'or des Antilles en Voilier: photos d'une croisi\u00e8re r\u00e9ussie","og_description":"T\u00e9moignages en images d'une croisi\u00e8re en catamaran avec skipper aux Antilles r\u00e9ussie. A votre tour de tenter l''exp\u00e9rience!","og_url":"https:\/\/www.les-antilles-en-voilier.com\/infocroisiere\/year\/","og_site_name":"Les Antilles en Voilier","article_publisher":"https:\/\/www.facebook.com\/thomascapvoile\/","article_modified_time":"2020-08-08T10:56:35+00:00","og_image":[{"width":750,"height":421,"url":"https:\/\/www.les-antilles-en-voilier.com\/infocroisiere\/wp-content\/uploads\/2020\/07\/photo6.jpg","type":"image\/jpeg"}],"twitter_card":"summary_large_image","schema":{"@context":"https:\/\/schema.org","@graph":[{"@type":"WebPage","@id":"https:\/\/www.les-antilles-en-voilier.com\/infocroisiere\/year\/","url":"https:\/\/www.les-antilles-en-voilier.com\/infocroisiere\/year\/","name":"Livre d'or des Antilles en Voilier: photos d'une croisi\u00e8re r\u00e9ussie","isPartOf":{"@id":"http:\/\/www.les-antilles-en-voilier.com\/infocroisiere\/#website"},"primaryImageOfPage":{"@id":"https:\/\/www.les-antilles-en-voilier.com\/infocroisiere\/year\/#primaryimage"},"image":{"@id":"https:\/\/www.les-antilles-en-voilier.com\/infocroisiere\/year\/#primaryimage"},"thumbnailUrl":"https:\/\/www.les-antilles-en-voilier.com\/infocroisiere\/wp-content\/uploads\/2020\/07\/photo6.jpg","datePublished":"2020-07-29T12:39:42+00:00","dateModified":"2020-08-08T10:56:35+00:00","description":"T\u00e9moignages en images d'une croisi\u00e8re en catamaran avec skipper aux Antilles r\u00e9ussie. A votre tour de tenter l''exp\u00e9rience!","breadcrumb":{"@id":"https:\/\/www.les-antilles-en-voilier.com\/infocroisiere\/year\/#breadcrumb"},"inLanguage":"fr-FR","potentialAction":[{"@type":"ReadAction","target":["https:\/\/www.les-antilles-en-voilier.com\/infocroisiere\/year\/"]}]},{"@type":"ImageObject","inLanguage":"fr-FR","@id":"https:\/\/www.les-antilles-en-voilier.com\/infocroisiere\/year\/#primaryimage","url":"https:\/\/www.les-antilles-en-voilier.com\/infocroisiere\/wp-content\/uploads\/2020\/07\/photo6.jpg","contentUrl":"https:\/\/www.les-antilles-en-voilier.com\/infocroisiere\/wp-content\/uploads\/2020\/07\/photo6.jpg","width":750,"height":421,"caption":"dig"},{"@type":"BreadcrumbList","@id":"https:\/\/www.les-antilles-en-voilier.com\/infocroisiere\/year\/#breadcrumb","itemListElement":[{"@type":"ListItem","position":1,"name":"Accueil","item":"http:\/\/www.les-antilles-en-voilier.com\/infocroisiere\/"},{"@type":"ListItem","position":2,"name":"year"}]},{"@type":"WebSite","@id":"http:\/\/www.les-antilles-en-voilier.com\/infocroisiere\/#website","url":"http:\/\/www.les-antilles-en-voilier.com\/infocroisiere\/","name":"Les Antilles en Voilier","description":"Location de catamaran aux Antilles avec skipper","publisher":{"@id":"http:\/\/www.les-antilles-en-voilier.com\/infocroisiere\/#organization"},"potentialAction":[{"@type":"SearchAction","target":{"@type":"EntryPoint","urlTemplate":"http:\/\/www.les-antilles-en-voilier.com\/infocroisiere\/?s={search_term_string}"},"query-input":"required name=search_term_string"}],"inLanguage":"fr-FR"},{"@type":"Organization","@id":"http:\/\/www.les-antilles-en-voilier.com\/infocroisiere\/#organization","name":"SARL Cap Croisi\u00e8res Voile","url":"http:\/\/www.les-antilles-en-voilier.com\/infocroisiere\/","logo":{"@type":"ImageObject","inLanguage":"fr-FR","@id":"http:\/\/www.les-antilles-en-voilier.com\/infocroisiere\/#\/schema\/logo\/image\/","url":"http:\/\/www.les-antilles-en-voilier.com\/infocroisiere\/wp-content\/uploads\/2020\/08\/LOGOCCV.png","contentUrl":"http:\/\/www.les-antilles-en-voilier.com\/infocroisiere\/wp-content\/uploads\/2020\/08\/LOGOCCV.png","width":805,"height":739,"caption":"SARL Cap Croisi\u00e8res Voile"},"image":{"@id":"http:\/\/www.les-antilles-en-voilier.com\/infocroisiere\/#\/schema\/logo\/image\/"},"sameAs":["https:\/\/www.facebook.com\/thomascapvoile\/"]}]}},"_links":{"self":[{"href":"https:\/\/www.les-antilles-en-voilier.com\/infocroisiere\/wp-json\/wp\/v2\/pages\/397"}],"collection":[{"href":"https:\/\/www.les-antilles-en-voilier.com\/infocroisiere\/wp-json\/wp\/v2\/pages"}],"about":[{"href":"https:\/\/www.les-antilles-en-voilier.com\/infocroisiere\/wp-json\/wp\/v2\/types\/page"}],"author":[{"embeddable":true,"href":"https:\/\/www.les-antilles-en-voilier.com\/infocroisiere\/wp-json\/wp\/v2\/users\/1"}],"replies":[{"embeddable":true,"href":"https:\/\/www.les-antilles-en-voilier.com\/infocroisiere\/wp-json\/wp\/v2\/comments?post=397"}],"version-history":[{"count":1,"href":"https:\/\/www.les-antilles-en-voilier.com\/infocroisiere\/wp-json\/wp\/v2\/pages\/397\/revisions"}],"predecessor-version":[{"id":398,"href":"https:\/\/www.les-antilles-en-voilier.com\/infocroisiere\/wp-json\/wp\/v2\/pages\/397\/revisions\/398"}],"wp:featuredmedia":[{"embeddable":true,"href":"https:\/\/www.les-antilles-en-voilier.com\/infocroisiere\/wp-json\/wp\/v2\/media\/411"}],"wp:attachment":[{"href":"https:\/\/www.les-antilles-en-voilier.com\/infocroisiere\/wp-json\/wp\/v2\/media?parent=397"}],"curies":[{"name":"wp","href":"https:\/\/api.w.org\/{rel}","templated":true}]}}