{"id":89,"date":"2018-09-23T17:12:37","date_gmt":"2018-09-23T17:12:37","guid":{"rendered":"http:\/\/www.les-antilles-en-voilier.com\/infocroisiere\/?page_id=89"},"modified":"2020-08-08T10:42:18","modified_gmt":"2020-08-08T10:42:18","slug":"metier-skipper","status":"publish","type":"page","link":"http:\/\/www.les-antilles-en-voilier.com\/infocroisiere\/metier-skipper\/","title":{"rendered":"Le m\u00e9tier de skipper"},"content":{"rendered":"","protected":false},"excerpt":{"rendered":"","protected":false},"author":1,"featured_media":274,"parent":0,"menu_order":0,"comment_status":"closed","ping_status":"closed","template":"metierSkipper.php","meta":{"footnotes":""},"yoast_head":"<!-- This site is optimized with the Yoast SEO plugin v22.5 - https:\/\/yoast.com\/wordpress\/plugins\/seo\/ -->\n<title>Thomas, skipper aux Antilles: d\u00e9couvrez son m\u00e9tier<\/title>\n<meta name=\"description\" content=\"D\u00e9couvrez le m\u00e9tier de skipper. Ses atouts? Adaptabilit\u00e9, diplomatie, prises de d\u00e9cisions et analyses rapides\" \/>\n<meta name=\"robots\" content=\"index, follow, max-snippet:-1, max-image-preview:large, max-video-preview:-1\" \/>\n<link rel=\"canonical\" href=\"http:\/\/www.les-antilles-en-voilier.com\/infocroisiere\/metier-skipper\/\" \/>\n<meta property=\"og:locale\" content=\"fr_FR\" \/>\n<meta property=\"og:type\" content=\"article\" \/>\n<meta property=\"og:title\" content=\"Thomas, skipper aux Antilles: d\u00e9couvrez son m\u00e9tier\" \/>\n<meta property=\"og:description\" content=\"D\u00e9couvrez le m\u00e9tier de skipper. Ses atouts? Adaptabilit\u00e9, diplomatie, prises de d\u00e9cisions et analyses rapides\" \/>\n<meta property=\"og:url\" content=\"http:\/\/www.les-antilles-en-voilier.com\/infocroisiere\/metier-skipper\/\" \/>\n<meta property=\"og:site_name\" content=\"Les Antilles en Voilier\" \/>\n<meta property=\"article:publisher\" content=\"https:\/\/www.facebook.com\/thomascapvoile\/\" \/>\n<meta property=\"article:modified_time\" content=\"2020-08-08T10:42:18+00:00\" \/>\n<meta property=\"og:image\" content=\"http:\/\/www.les-antilles-en-voilier.com\/infocroisiere\/wp-content\/uploads\/2020\/07\/2004-02-18-21.42.10.jpg\" \/>\n\t<meta property=\"og:image:width\" content=\"640\" \/>\n\t<meta property=\"og:image:height\" content=\"480\" \/>\n\t<meta property=\"og:image:type\" content=\"image\/jpeg\" \/>\n<meta name=\"twitter:card\" content=\"summary_large_image\" \/>\n<script type=\"application\/ld+json\" class=\"yoast-schema-graph\">{\"@context\":\"https:\/\/schema.org\",\"@graph\":[{\"@type\":\"WebPage\",\"@id\":\"http:\/\/www.les-antilles-en-voilier.com\/infocroisiere\/metier-skipper\/\",\"url\":\"http:\/\/www.les-antilles-en-voilier.com\/infocroisiere\/metier-skipper\/\",\"name\":\"Thomas, skipper aux Antilles: d\u00e9couvrez son m\u00e9tier\",\"isPartOf\":{\"@id\":\"https:\/\/www.les-antilles-en-voilier.com\/infocroisiere\/#website\"},\"primaryImageOfPage\":{\"@id\":\"http:\/\/www.les-antilles-en-voilier.com\/infocroisiere\/metier-skipper\/#primaryimage\"},\"image\":{\"@id\":\"http:\/\/www.les-antilles-en-voilier.com\/infocroisiere\/metier-skipper\/#primaryimage\"},\"thumbnailUrl\":\"http:\/\/www.les-antilles-en-voilier.com\/infocroisiere\/wp-content\/uploads\/2020\/07\/2004-02-18-21.42.10.jpg\",\"datePublished\":\"2018-09-23T17:12:37+00:00\",\"dateModified\":\"2020-08-08T10:42:18+00:00\",\"description\":\"D\u00e9couvrez le m\u00e9tier de skipper. Ses atouts? Adaptabilit\u00e9, diplomatie, prises de d\u00e9cisions et analyses rapides\",\"breadcrumb\":{\"@id\":\"http:\/\/www.les-antilles-en-voilier.com\/infocroisiere\/metier-skipper\/#breadcrumb\"},\"inLanguage\":\"fr-FR\",\"potentialAction\":[{\"@type\":\"ReadAction\",\"target\":[\"http:\/\/www.les-antilles-en-voilier.com\/infocroisiere\/metier-skipper\/\"]}]},{\"@type\":\"ImageObject\",\"inLanguage\":\"fr-FR\",\"@id\":\"http:\/\/www.les-antilles-en-voilier.com\/infocroisiere\/metier-skipper\/#primaryimage\",\"url\":\"http:\/\/www.les-antilles-en-voilier.com\/infocroisiere\/wp-content\/uploads\/2020\/07\/2004-02-18-21.42.10.jpg\",\"contentUrl\":\"http:\/\/www.les-antilles-en-voilier.com\/infocroisiere\/wp-content\/uploads\/2020\/07\/2004-02-18-21.42.10.jpg\",\"width\":640,\"height\":480},{\"@type\":\"BreadcrumbList\",\"@id\":\"http:\/\/www.les-antilles-en-voilier.com\/infocroisiere\/metier-skipper\/#breadcrumb\",\"itemListElement\":[{\"@type\":\"ListItem\",\"position\":1,\"name\":\"Accueil\",\"item\":\"https:\/\/www.les-antilles-en-voilier.com\/infocroisiere\/\"},{\"@type\":\"ListItem\",\"position\":2,\"name\":\"Le m\u00e9tier de skipper\"}]},{\"@type\":\"WebSite\",\"@id\":\"https:\/\/www.les-antilles-en-voilier.com\/infocroisiere\/#website\",\"url\":\"https:\/\/www.les-antilles-en-voilier.com\/infocroisiere\/\",\"name\":\"Les Antilles en Voilier\",\"description\":\"Location de catamaran aux Antilles avec skipper\",\"publisher\":{\"@id\":\"https:\/\/www.les-antilles-en-voilier.com\/infocroisiere\/#organization\"},\"potentialAction\":[{\"@type\":\"SearchAction\",\"target\":{\"@type\":\"EntryPoint\",\"urlTemplate\":\"https:\/\/www.les-antilles-en-voilier.com\/infocroisiere\/?s={search_term_string}\"},\"query-input\":\"required name=search_term_string\"}],\"inLanguage\":\"fr-FR\"},{\"@type\":\"Organization\",\"@id\":\"https:\/\/www.les-antilles-en-voilier.com\/infocroisiere\/#organization\",\"name\":\"SARL Cap Croisi\u00e8res Voile\",\"url\":\"https:\/\/www.les-antilles-en-voilier.com\/infocroisiere\/\",\"logo\":{\"@type\":\"ImageObject\",\"inLanguage\":\"fr-FR\",\"@id\":\"https:\/\/www.les-antilles-en-voilier.com\/infocroisiere\/#\/schema\/logo\/image\/\",\"url\":\"http:\/\/www.les-antilles-en-voilier.com\/infocroisiere\/wp-content\/uploads\/2020\/08\/LOGOCCV.png\",\"contentUrl\":\"http:\/\/www.les-antilles-en-voilier.com\/infocroisiere\/wp-content\/uploads\/2020\/08\/LOGOCCV.png\",\"width\":805,\"height\":739,\"caption\":\"SARL Cap Croisi\u00e8res Voile\"},\"image\":{\"@id\":\"https:\/\/www.les-antilles-en-voilier.com\/infocroisiere\/#\/schema\/logo\/image\/\"},\"sameAs\":[\"https:\/\/www.facebook.com\/thomascapvoile\/\"]}]}<\/script>\n<!-- \/ Yoast SEO plugin. -->","yoast_head_json":{"title":"Thomas, skipper aux Antilles: d\u00e9couvrez son m\u00e9tier","description":"D\u00e9couvrez le m\u00e9tier de skipper. Ses atouts? Adaptabilit\u00e9, diplomatie, prises de d\u00e9cisions et analyses rapides","robots":{"index":"index","follow":"follow","max-snippet":"max-snippet:-1","max-image-preview":"max-image-preview:large","max-video-preview":"max-video-preview:-1"},"canonical":"http:\/\/www.les-antilles-en-voilier.com\/infocroisiere\/metier-skipper\/","og_locale":"fr_FR","og_type":"article","og_title":"Thomas, skipper aux Antilles: d\u00e9couvrez son m\u00e9tier","og_description":"D\u00e9couvrez le m\u00e9tier de skipper. Ses atouts? Adaptabilit\u00e9, diplomatie, prises de d\u00e9cisions et analyses rapides","og_url":"http:\/\/www.les-antilles-en-voilier.com\/infocroisiere\/metier-skipper\/","og_site_name":"Les Antilles en Voilier","article_publisher":"https:\/\/www.facebook.com\/thomascapvoile\/","article_modified_time":"2020-08-08T10:42:18+00:00","og_image":[{"width":640,"height":480,"url":"http:\/\/www.les-antilles-en-voilier.com\/infocroisiere\/wp-content\/uploads\/2020\/07\/2004-02-18-21.42.10.jpg","type":"image\/jpeg"}],"twitter_card":"summary_large_image","schema":{"@context":"https:\/\/schema.org","@graph":[{"@type":"WebPage","@id":"http:\/\/www.les-antilles-en-voilier.com\/infocroisiere\/metier-skipper\/","url":"http:\/\/www.les-antilles-en-voilier.com\/infocroisiere\/metier-skipper\/","name":"Thomas, skipper aux Antilles: d\u00e9couvrez son m\u00e9tier","isPartOf":{"@id":"https:\/\/www.les-antilles-en-voilier.com\/infocroisiere\/#website"},"primaryImageOfPage":{"@id":"http:\/\/www.les-antilles-en-voilier.com\/infocroisiere\/metier-skipper\/#primaryimage"},"image":{"@id":"http:\/\/www.les-antilles-en-voilier.com\/infocroisiere\/metier-skipper\/#primaryimage"},"thumbnailUrl":"http:\/\/www.les-antilles-en-voilier.com\/infocroisiere\/wp-content\/uploads\/2020\/07\/2004-02-18-21.42.10.jpg","datePublished":"2018-09-23T17:12:37+00:00","dateModified":"2020-08-08T10:42:18+00:00","description":"D\u00e9couvrez le m\u00e9tier de skipper. Ses atouts? Adaptabilit\u00e9, diplomatie, prises de d\u00e9cisions et analyses rapides","breadcrumb":{"@id":"http:\/\/www.les-antilles-en-voilier.com\/infocroisiere\/metier-skipper\/#breadcrumb"},"inLanguage":"fr-FR","potentialAction":[{"@type":"ReadAction","target":["http:\/\/www.les-antilles-en-voilier.com\/infocroisiere\/metier-skipper\/"]}]},{"@type":"ImageObject","inLanguage":"fr-FR","@id":"http:\/\/www.les-antilles-en-voilier.com\/infocroisiere\/metier-skipper\/#primaryimage","url":"http:\/\/www.les-antilles-en-voilier.com\/infocroisiere\/wp-content\/uploads\/2020\/07\/2004-02-18-21.42.10.jpg","contentUrl":"http:\/\/www.les-antilles-en-voilier.com\/infocroisiere\/wp-content\/uploads\/2020\/07\/2004-02-18-21.42.10.jpg","width":640,"height":480},{"@type":"BreadcrumbList","@id":"http:\/\/www.les-antilles-en-voilier.com\/infocroisiere\/metier-skipper\/#breadcrumb","itemListElement":[{"@type":"ListItem","position":1,"name":"Accueil","item":"https:\/\/www.les-antilles-en-voilier.com\/infocroisiere\/"},{"@type":"ListItem","position":2,"name":"Le m\u00e9tier de skipper"}]},{"@type":"WebSite","@id":"https:\/\/www.les-antilles-en-voilier.com\/infocroisiere\/#website","url":"https:\/\/www.les-antilles-en-voilier.com\/infocroisiere\/","name":"Les Antilles en Voilier","description":"Location de catamaran aux Antilles avec skipper","publisher":{"@id":"https:\/\/www.les-antilles-en-voilier.com\/infocroisiere\/#organization"},"potentialAction":[{"@type":"SearchAction","target":{"@type":"EntryPoint","urlTemplate":"https:\/\/www.les-antilles-en-voilier.com\/infocroisiere\/?s={search_term_string}"},"query-input":"required name=search_term_string"}],"inLanguage":"fr-FR"},{"@type":"Organization","@id":"https:\/\/www.les-antilles-en-voilier.com\/infocroisiere\/#organization","name":"SARL Cap Croisi\u00e8res Voile","url":"https:\/\/www.les-antilles-en-voilier.com\/infocroisiere\/","logo":{"@type":"ImageObject","inLanguage":"fr-FR","@id":"https:\/\/www.les-antilles-en-voilier.com\/infocroisiere\/#\/schema\/logo\/image\/","url":"http:\/\/www.les-antilles-en-voilier.com\/infocroisiere\/wp-content\/uploads\/2020\/08\/LOGOCCV.png","contentUrl":"http:\/\/www.les-antilles-en-voilier.com\/infocroisiere\/wp-content\/uploads\/2020\/08\/LOGOCCV.png","width":805,"height":739,"caption":"SARL Cap Croisi\u00e8res Voile"},"image":{"@id":"https:\/\/www.les-antilles-en-voilier.com\/infocroisiere\/#\/schema\/logo\/image\/"},"sameAs":["https:\/\/www.facebook.com\/thomascapvoile\/"]}]}},"_links":{"self":[{"href":"http:\/\/www.les-antilles-en-voilier.com\/infocroisiere\/wp-json\/wp\/v2\/pages\/89"}],"collection":[{"href":"http:\/\/www.les-antilles-en-voilier.com\/infocroisiere\/wp-json\/wp\/v2\/pages"}],"about":[{"href":"http:\/\/www.les-antilles-en-voilier.com\/infocroisiere\/wp-json\/wp\/v2\/types\/page"}],"author":[{"embeddable":true,"href":"http:\/\/www.les-antilles-en-voilier.com\/infocroisiere\/wp-json\/wp\/v2\/users\/1"}],"replies":[{"embeddable":true,"href":"http:\/\/www.les-antilles-en-voilier.com\/infocroisiere\/wp-json\/wp\/v2\/comments?post=89"}],"version-history":[{"count":1,"href":"http:\/\/www.les-antilles-en-voilier.com\/infocroisiere\/wp-json\/wp\/v2\/pages\/89\/revisions"}],"predecessor-version":[{"id":90,"href":"http:\/\/www.les-antilles-en-voilier.com\/infocroisiere\/wp-json\/wp\/v2\/pages\/89\/revisions\/90"}],"wp:featuredmedia":[{"embeddable":true,"href":"http:\/\/www.les-antilles-en-voilier.com\/infocroisiere\/wp-json\/wp\/v2\/media\/274"}],"wp:attachment":[{"href":"http:\/\/www.les-antilles-en-voilier.com\/infocroisiere\/wp-json\/wp\/v2\/media?parent=89"}],"curies":[{"name":"wp","href":"https:\/\/api.w.org\/{rel}","templated":true}]}}