{"id":387,"date":"2020-07-23T13:46:08","date_gmt":"2020-07-23T13:46:08","guid":{"rendered":"http:\/\/www.les-antilles-en-voilier.com\/infocroisiere\/?page_id=387"},"modified":"2020-08-08T10:35:59","modified_gmt":"2020-08-08T10:35:59","slug":"le-livre-dor","status":"publish","type":"page","link":"http:\/\/www.les-antilles-en-voilier.com\/infocroisiere\/le-livre-dor\/","title":{"rendered":"Le livre d&rsquo;or"},"content":{"rendered":"","protected":false},"excerpt":{"rendered":"","protected":false},"author":1,"featured_media":27,"parent":0,"menu_order":0,"comment_status":"closed","ping_status":"closed","template":"pageLivre.php","meta":{"footnotes":""},"yoast_head":"<!-- This site is optimized with the Yoast SEO plugin v22.5 - https:\/\/yoast.com\/wordpress\/plugins\/seo\/ -->\n<title>Les Antilles en Voilier: les croisi\u00e8res, le v\u00e9cu, dans le livre d&#039;or<\/title>\n<meta name=\"description\" content=\"Livre d&#039;or des Antilles en Voilier: retrouvez les t\u00e9moignages sur les croisi\u00e8res de ceux qui vous ont pr\u00e9c\u00e9d\u00e9!\" \/>\n<meta name=\"robots\" content=\"index, follow, max-snippet:-1, max-image-preview:large, max-video-preview:-1\" \/>\n<link rel=\"canonical\" href=\"http:\/\/www.les-antilles-en-voilier.com\/infocroisiere\/le-livre-dor\/\" \/>\n<meta property=\"og:locale\" content=\"fr_FR\" \/>\n<meta property=\"og:type\" content=\"article\" \/>\n<meta property=\"og:title\" content=\"Les Antilles en Voilier: les croisi\u00e8res, le v\u00e9cu, dans le livre d&#039;or\" \/>\n<meta property=\"og:description\" content=\"Livre d&#039;or des Antilles en Voilier: retrouvez les t\u00e9moignages sur les croisi\u00e8res de ceux qui vous ont pr\u00e9c\u00e9d\u00e9!\" \/>\n<meta property=\"og:url\" content=\"http:\/\/www.les-antilles-en-voilier.com\/infocroisiere\/le-livre-dor\/\" \/>\n<meta property=\"og:site_name\" content=\"Les Antilles en Voilier\" \/>\n<meta property=\"article:publisher\" content=\"https:\/\/www.facebook.com\/thomascapvoile\/\" \/>\n<meta property=\"article:modified_time\" content=\"2020-08-08T10:35:59+00:00\" \/>\n<meta property=\"og:image\" content=\"http:\/\/www.les-antilles-en-voilier.com\/infocroisiere\/wp-content\/uploads\/2018\/09\/mar.jpg\" \/>\n\t<meta property=\"og:image:width\" content=\"480\" \/>\n\t<meta property=\"og:image:height\" content=\"359\" \/>\n\t<meta property=\"og:image:type\" content=\"image\/jpeg\" \/>\n<meta name=\"twitter:card\" content=\"summary_large_image\" \/>\n<script type=\"application\/ld+json\" class=\"yoast-schema-graph\">{\"@context\":\"https:\/\/schema.org\",\"@graph\":[{\"@type\":\"WebPage\",\"@id\":\"http:\/\/www.les-antilles-en-voilier.com\/infocroisiere\/le-livre-dor\/\",\"url\":\"http:\/\/www.les-antilles-en-voilier.com\/infocroisiere\/le-livre-dor\/\",\"name\":\"Les Antilles en Voilier: les croisi\u00e8res, le v\u00e9cu, dans le livre d'or\",\"isPartOf\":{\"@id\":\"https:\/\/www.les-antilles-en-voilier.com\/infocroisiere\/#website\"},\"primaryImageOfPage\":{\"@id\":\"http:\/\/www.les-antilles-en-voilier.com\/infocroisiere\/le-livre-dor\/#primaryimage\"},\"image\":{\"@id\":\"http:\/\/www.les-antilles-en-voilier.com\/infocroisiere\/le-livre-dor\/#primaryimage\"},\"thumbnailUrl\":\"http:\/\/www.les-antilles-en-voilier.com\/infocroisiere\/wp-content\/uploads\/2018\/09\/mar.jpg\",\"datePublished\":\"2020-07-23T13:46:08+00:00\",\"dateModified\":\"2020-08-08T10:35:59+00:00\",\"description\":\"Livre d'or des Antilles en Voilier: retrouvez les t\u00e9moignages sur les croisi\u00e8res de ceux qui vous ont pr\u00e9c\u00e9d\u00e9!\",\"breadcrumb\":{\"@id\":\"http:\/\/www.les-antilles-en-voilier.com\/infocroisiere\/le-livre-dor\/#breadcrumb\"},\"inLanguage\":\"fr-FR\",\"potentialAction\":[{\"@type\":\"ReadAction\",\"target\":[\"http:\/\/www.les-antilles-en-voilier.com\/infocroisiere\/le-livre-dor\/\"]}]},{\"@type\":\"ImageObject\",\"inLanguage\":\"fr-FR\",\"@id\":\"http:\/\/www.les-antilles-en-voilier.com\/infocroisiere\/le-livre-dor\/#primaryimage\",\"url\":\"http:\/\/www.les-antilles-en-voilier.com\/infocroisiere\/wp-content\/uploads\/2018\/09\/mar.jpg\",\"contentUrl\":\"http:\/\/www.les-antilles-en-voilier.com\/infocroisiere\/wp-content\/uploads\/2018\/09\/mar.jpg\",\"width\":480,\"height\":359},{\"@type\":\"BreadcrumbList\",\"@id\":\"http:\/\/www.les-antilles-en-voilier.com\/infocroisiere\/le-livre-dor\/#breadcrumb\",\"itemListElement\":[{\"@type\":\"ListItem\",\"position\":1,\"name\":\"Accueil\",\"item\":\"https:\/\/www.les-antilles-en-voilier.com\/infocroisiere\/\"},{\"@type\":\"ListItem\",\"position\":2,\"name\":\"Le livre d&rsquo;or\"}]},{\"@type\":\"WebSite\",\"@id\":\"https:\/\/www.les-antilles-en-voilier.com\/infocroisiere\/#website\",\"url\":\"https:\/\/www.les-antilles-en-voilier.com\/infocroisiere\/\",\"name\":\"Les Antilles en Voilier\",\"description\":\"Location de catamaran aux Antilles avec skipper\",\"publisher\":{\"@id\":\"https:\/\/www.les-antilles-en-voilier.com\/infocroisiere\/#organization\"},\"potentialAction\":[{\"@type\":\"SearchAction\",\"target\":{\"@type\":\"EntryPoint\",\"urlTemplate\":\"https:\/\/www.les-antilles-en-voilier.com\/infocroisiere\/?s={search_term_string}\"},\"query-input\":\"required name=search_term_string\"}],\"inLanguage\":\"fr-FR\"},{\"@type\":\"Organization\",\"@id\":\"https:\/\/www.les-antilles-en-voilier.com\/infocroisiere\/#organization\",\"name\":\"SARL Cap Croisi\u00e8res Voile\",\"url\":\"https:\/\/www.les-antilles-en-voilier.com\/infocroisiere\/\",\"logo\":{\"@type\":\"ImageObject\",\"inLanguage\":\"fr-FR\",\"@id\":\"https:\/\/www.les-antilles-en-voilier.com\/infocroisiere\/#\/schema\/logo\/image\/\",\"url\":\"http:\/\/www.les-antilles-en-voilier.com\/infocroisiere\/wp-content\/uploads\/2020\/08\/LOGOCCV.png\",\"contentUrl\":\"http:\/\/www.les-antilles-en-voilier.com\/infocroisiere\/wp-content\/uploads\/2020\/08\/LOGOCCV.png\",\"width\":805,\"height\":739,\"caption\":\"SARL Cap Croisi\u00e8res Voile\"},\"image\":{\"@id\":\"https:\/\/www.les-antilles-en-voilier.com\/infocroisiere\/#\/schema\/logo\/image\/\"},\"sameAs\":[\"https:\/\/www.facebook.com\/thomascapvoile\/\"]}]}<\/script>\n<!-- \/ Yoast SEO plugin. -->","yoast_head_json":{"title":"Les Antilles en Voilier: les croisi\u00e8res, le v\u00e9cu, dans le livre d'or","description":"Livre d'or des Antilles en Voilier: retrouvez les t\u00e9moignages sur les croisi\u00e8res de ceux qui vous ont pr\u00e9c\u00e9d\u00e9!","robots":{"index":"index","follow":"follow","max-snippet":"max-snippet:-1","max-image-preview":"max-image-preview:large","max-video-preview":"max-video-preview:-1"},"canonical":"http:\/\/www.les-antilles-en-voilier.com\/infocroisiere\/le-livre-dor\/","og_locale":"fr_FR","og_type":"article","og_title":"Les Antilles en Voilier: les croisi\u00e8res, le v\u00e9cu, dans le livre d'or","og_description":"Livre d'or des Antilles en Voilier: retrouvez les t\u00e9moignages sur les croisi\u00e8res de ceux qui vous ont pr\u00e9c\u00e9d\u00e9!","og_url":"http:\/\/www.les-antilles-en-voilier.com\/infocroisiere\/le-livre-dor\/","og_site_name":"Les Antilles en Voilier","article_publisher":"https:\/\/www.facebook.com\/thomascapvoile\/","article_modified_time":"2020-08-08T10:35:59+00:00","og_image":[{"width":480,"height":359,"url":"http:\/\/www.les-antilles-en-voilier.com\/infocroisiere\/wp-content\/uploads\/2018\/09\/mar.jpg","type":"image\/jpeg"}],"twitter_card":"summary_large_image","schema":{"@context":"https:\/\/schema.org","@graph":[{"@type":"WebPage","@id":"http:\/\/www.les-antilles-en-voilier.com\/infocroisiere\/le-livre-dor\/","url":"http:\/\/www.les-antilles-en-voilier.com\/infocroisiere\/le-livre-dor\/","name":"Les Antilles en Voilier: les croisi\u00e8res, le v\u00e9cu, dans le livre d'or","isPartOf":{"@id":"https:\/\/www.les-antilles-en-voilier.com\/infocroisiere\/#website"},"primaryImageOfPage":{"@id":"http:\/\/www.les-antilles-en-voilier.com\/infocroisiere\/le-livre-dor\/#primaryimage"},"image":{"@id":"http:\/\/www.les-antilles-en-voilier.com\/infocroisiere\/le-livre-dor\/#primaryimage"},"thumbnailUrl":"http:\/\/www.les-antilles-en-voilier.com\/infocroisiere\/wp-content\/uploads\/2018\/09\/mar.jpg","datePublished":"2020-07-23T13:46:08+00:00","dateModified":"2020-08-08T10:35:59+00:00","description":"Livre d'or des Antilles en Voilier: retrouvez les t\u00e9moignages sur les croisi\u00e8res de ceux qui vous ont pr\u00e9c\u00e9d\u00e9!","breadcrumb":{"@id":"http:\/\/www.les-antilles-en-voilier.com\/infocroisiere\/le-livre-dor\/#breadcrumb"},"inLanguage":"fr-FR","potentialAction":[{"@type":"ReadAction","target":["http:\/\/www.les-antilles-en-voilier.com\/infocroisiere\/le-livre-dor\/"]}]},{"@type":"ImageObject","inLanguage":"fr-FR","@id":"http:\/\/www.les-antilles-en-voilier.com\/infocroisiere\/le-livre-dor\/#primaryimage","url":"http:\/\/www.les-antilles-en-voilier.com\/infocroisiere\/wp-content\/uploads\/2018\/09\/mar.jpg","contentUrl":"http:\/\/www.les-antilles-en-voilier.com\/infocroisiere\/wp-content\/uploads\/2018\/09\/mar.jpg","width":480,"height":359},{"@type":"BreadcrumbList","@id":"http:\/\/www.les-antilles-en-voilier.com\/infocroisiere\/le-livre-dor\/#breadcrumb","itemListElement":[{"@type":"ListItem","position":1,"name":"Accueil","item":"https:\/\/www.les-antilles-en-voilier.com\/infocroisiere\/"},{"@type":"ListItem","position":2,"name":"Le livre d&rsquo;or"}]},{"@type":"WebSite","@id":"https:\/\/www.les-antilles-en-voilier.com\/infocroisiere\/#website","url":"https:\/\/www.les-antilles-en-voilier.com\/infocroisiere\/","name":"Les Antilles en Voilier","description":"Location de catamaran aux Antilles avec skipper","publisher":{"@id":"https:\/\/www.les-antilles-en-voilier.com\/infocroisiere\/#organization"},"potentialAction":[{"@type":"SearchAction","target":{"@type":"EntryPoint","urlTemplate":"https:\/\/www.les-antilles-en-voilier.com\/infocroisiere\/?s={search_term_string}"},"query-input":"required name=search_term_string"}],"inLanguage":"fr-FR"},{"@type":"Organization","@id":"https:\/\/www.les-antilles-en-voilier.com\/infocroisiere\/#organization","name":"SARL Cap Croisi\u00e8res Voile","url":"https:\/\/www.les-antilles-en-voilier.com\/infocroisiere\/","logo":{"@type":"ImageObject","inLanguage":"fr-FR","@id":"https:\/\/www.les-antilles-en-voilier.com\/infocroisiere\/#\/schema\/logo\/image\/","url":"http:\/\/www.les-antilles-en-voilier.com\/infocroisiere\/wp-content\/uploads\/2020\/08\/LOGOCCV.png","contentUrl":"http:\/\/www.les-antilles-en-voilier.com\/infocroisiere\/wp-content\/uploads\/2020\/08\/LOGOCCV.png","width":805,"height":739,"caption":"SARL Cap Croisi\u00e8res Voile"},"image":{"@id":"https:\/\/www.les-antilles-en-voilier.com\/infocroisiere\/#\/schema\/logo\/image\/"},"sameAs":["https:\/\/www.facebook.com\/thomascapvoile\/"]}]}},"_links":{"self":[{"href":"http:\/\/www.les-antilles-en-voilier.com\/infocroisiere\/wp-json\/wp\/v2\/pages\/387"}],"collection":[{"href":"http:\/\/www.les-antilles-en-voilier.com\/infocroisiere\/wp-json\/wp\/v2\/pages"}],"about":[{"href":"http:\/\/www.les-antilles-en-voilier.com\/infocroisiere\/wp-json\/wp\/v2\/types\/page"}],"author":[{"embeddable":true,"href":"http:\/\/www.les-antilles-en-voilier.com\/infocroisiere\/wp-json\/wp\/v2\/users\/1"}],"replies":[{"embeddable":true,"href":"http:\/\/www.les-antilles-en-voilier.com\/infocroisiere\/wp-json\/wp\/v2\/comments?post=387"}],"version-history":[{"count":1,"href":"http:\/\/www.les-antilles-en-voilier.com\/infocroisiere\/wp-json\/wp\/v2\/pages\/387\/revisions"}],"predecessor-version":[{"id":388,"href":"http:\/\/www.les-antilles-en-voilier.com\/infocroisiere\/wp-json\/wp\/v2\/pages\/387\/revisions\/388"}],"wp:featuredmedia":[{"embeddable":true,"href":"http:\/\/www.les-antilles-en-voilier.com\/infocroisiere\/wp-json\/wp\/v2\/media\/27"}],"wp:attachment":[{"href":"http:\/\/www.les-antilles-en-voilier.com\/infocroisiere\/wp-json\/wp\/v2\/media?parent=387"}],"curies":[{"name":"wp","href":"https:\/\/api.w.org\/{rel}","templated":true}]}}