{"id":2,"date":"2018-09-18T12:02:02","date_gmt":"2018-09-18T12:02:02","guid":{"rendered":"http:\/\/www.les-antilles-en-voilier.com\/infocroisiere\/?page_id=2"},"modified":"2020-08-08T10:43:02","modified_gmt":"2020-08-08T10:43:02","slug":"skippers","status":"publish","type":"page","link":"http:\/\/www.les-antilles-en-voilier.com\/infocroisiere\/skippers\/","title":{"rendered":"Mes skippers"},"content":{"rendered":"","protected":false},"excerpt":{"rendered":"","protected":false},"author":1,"featured_media":16,"parent":0,"menu_order":0,"comment_status":"closed","ping_status":"open","template":"pageSkipper.php","meta":{"footnotes":""},"yoast_head":"<!-- This site is optimized with the Yoast SEO plugin v22.5 - https:\/\/yoast.com\/wordpress\/plugins\/seo\/ -->\n<title>Skipper aux Antilles: croisi\u00e8re en catamaran avec un skipper exp\u00e9riment\u00e9<\/title>\n<meta name=\"description\" content=\"Croisi\u00e8re en catamaran aux Antilles, d\u00e9couverte des Iles Grenadines avec skipper exp\u00e9riment\u00e9: d\u00e9paysement assur\u00e9! D\u00e9part de Martinique.\" \/>\n<meta name=\"robots\" content=\"index, follow, max-snippet:-1, max-image-preview:large, max-video-preview:-1\" \/>\n<link rel=\"canonical\" href=\"http:\/\/www.les-antilles-en-voilier\/infocroisiere\/\" \/>\n<meta property=\"og:locale\" content=\"fr_FR\" \/>\n<meta property=\"og:type\" content=\"article\" \/>\n<meta property=\"og:title\" content=\"Skipper aux Antilles: croisi\u00e8re en catamaran avec un skipper exp\u00e9riment\u00e9\" \/>\n<meta property=\"og:description\" content=\"Croisi\u00e8re en catamaran aux Antilles, d\u00e9couverte des Iles Grenadines avec skipper exp\u00e9riment\u00e9: d\u00e9paysement assur\u00e9! D\u00e9part de Martinique.\" \/>\n<meta property=\"og:url\" content=\"http:\/\/www.les-antilles-en-voilier\/infocroisiere\/\" \/>\n<meta property=\"og:site_name\" content=\"Les Antilles en Voilier\" \/>\n<meta property=\"article:publisher\" content=\"https:\/\/www.facebook.com\/thomascapvoile\/\" \/>\n<meta property=\"article:modified_time\" content=\"2020-08-08T10:43:02+00:00\" \/>\n<meta property=\"og:image\" content=\"http:\/\/www.les-antilles-en-voilier.com\/infocroisiere\/wp-content\/uploads\/2018\/09\/T2017.jpg\" \/>\n\t<meta property=\"og:image:width\" content=\"410\" \/>\n\t<meta property=\"og:image:height\" content=\"410\" \/>\n\t<meta property=\"og:image:type\" content=\"image\/jpeg\" \/>\n<meta name=\"twitter:card\" content=\"summary_large_image\" \/>\n<script type=\"application\/ld+json\" class=\"yoast-schema-graph\">{\"@context\":\"https:\/\/schema.org\",\"@graph\":[{\"@type\":\"WebPage\",\"@id\":\"http:\/\/www.les-antilles-en-voilier.com\/infocroisiere\/skippers\/\",\"url\":\"http:\/\/www.les-antilles-en-voilier\/infocroisiere\/\",\"name\":\"Skipper aux Antilles: croisi\u00e8re en catamaran avec un skipper exp\u00e9riment\u00e9\",\"isPartOf\":{\"@id\":\"https:\/\/www.les-antilles-en-voilier.com\/infocroisiere\/#website\"},\"primaryImageOfPage\":{\"@id\":\"http:\/\/www.les-antilles-en-voilier\/infocroisiere\/#primaryimage\"},\"image\":{\"@id\":\"http:\/\/www.les-antilles-en-voilier\/infocroisiere\/#primaryimage\"},\"thumbnailUrl\":\"http:\/\/www.les-antilles-en-voilier.com\/infocroisiere\/wp-content\/uploads\/2018\/09\/T2017.jpg\",\"datePublished\":\"2018-09-18T12:02:02+00:00\",\"dateModified\":\"2020-08-08T10:43:02+00:00\",\"description\":\"Croisi\u00e8re en catamaran aux Antilles, d\u00e9couverte des Iles Grenadines avec skipper exp\u00e9riment\u00e9: d\u00e9paysement assur\u00e9! D\u00e9part de Martinique.\",\"breadcrumb\":{\"@id\":\"http:\/\/www.les-antilles-en-voilier\/infocroisiere\/#breadcrumb\"},\"inLanguage\":\"fr-FR\",\"potentialAction\":[{\"@type\":\"ReadAction\",\"target\":[\"http:\/\/www.les-antilles-en-voilier\/infocroisiere\/\"]}]},{\"@type\":\"ImageObject\",\"inLanguage\":\"fr-FR\",\"@id\":\"http:\/\/www.les-antilles-en-voilier\/infocroisiere\/#primaryimage\",\"url\":\"http:\/\/www.les-antilles-en-voilier.com\/infocroisiere\/wp-content\/uploads\/2018\/09\/T2017.jpg\",\"contentUrl\":\"http:\/\/www.les-antilles-en-voilier.com\/infocroisiere\/wp-content\/uploads\/2018\/09\/T2017.jpg\",\"width\":410,\"height\":410},{\"@type\":\"BreadcrumbList\",\"@id\":\"http:\/\/www.les-antilles-en-voilier\/infocroisiere\/#breadcrumb\",\"itemListElement\":[{\"@type\":\"ListItem\",\"position\":1,\"name\":\"Accueil\",\"item\":\"https:\/\/www.les-antilles-en-voilier.com\/infocroisiere\/\"},{\"@type\":\"ListItem\",\"position\":2,\"name\":\"Mes skippers\"}]},{\"@type\":\"WebSite\",\"@id\":\"https:\/\/www.les-antilles-en-voilier.com\/infocroisiere\/#website\",\"url\":\"https:\/\/www.les-antilles-en-voilier.com\/infocroisiere\/\",\"name\":\"Les Antilles en Voilier\",\"description\":\"Location de catamaran aux Antilles avec skipper\",\"publisher\":{\"@id\":\"https:\/\/www.les-antilles-en-voilier.com\/infocroisiere\/#organization\"},\"potentialAction\":[{\"@type\":\"SearchAction\",\"target\":{\"@type\":\"EntryPoint\",\"urlTemplate\":\"https:\/\/www.les-antilles-en-voilier.com\/infocroisiere\/?s={search_term_string}\"},\"query-input\":\"required name=search_term_string\"}],\"inLanguage\":\"fr-FR\"},{\"@type\":\"Organization\",\"@id\":\"https:\/\/www.les-antilles-en-voilier.com\/infocroisiere\/#organization\",\"name\":\"SARL Cap Croisi\u00e8res Voile\",\"url\":\"https:\/\/www.les-antilles-en-voilier.com\/infocroisiere\/\",\"logo\":{\"@type\":\"ImageObject\",\"inLanguage\":\"fr-FR\",\"@id\":\"https:\/\/www.les-antilles-en-voilier.com\/infocroisiere\/#\/schema\/logo\/image\/\",\"url\":\"http:\/\/www.les-antilles-en-voilier.com\/infocroisiere\/wp-content\/uploads\/2020\/08\/LOGOCCV.png\",\"contentUrl\":\"http:\/\/www.les-antilles-en-voilier.com\/infocroisiere\/wp-content\/uploads\/2020\/08\/LOGOCCV.png\",\"width\":805,\"height\":739,\"caption\":\"SARL Cap Croisi\u00e8res Voile\"},\"image\":{\"@id\":\"https:\/\/www.les-antilles-en-voilier.com\/infocroisiere\/#\/schema\/logo\/image\/\"},\"sameAs\":[\"https:\/\/www.facebook.com\/thomascapvoile\/\"]}]}<\/script>\n<!-- \/ Yoast SEO plugin. -->","yoast_head_json":{"title":"Skipper aux Antilles: croisi\u00e8re en catamaran avec un skipper exp\u00e9riment\u00e9","description":"Croisi\u00e8re en catamaran aux Antilles, d\u00e9couverte des Iles Grenadines avec skipper exp\u00e9riment\u00e9: d\u00e9paysement assur\u00e9! D\u00e9part de Martinique.","robots":{"index":"index","follow":"follow","max-snippet":"max-snippet:-1","max-image-preview":"max-image-preview:large","max-video-preview":"max-video-preview:-1"},"canonical":"http:\/\/www.les-antilles-en-voilier\/infocroisiere\/","og_locale":"fr_FR","og_type":"article","og_title":"Skipper aux Antilles: croisi\u00e8re en catamaran avec un skipper exp\u00e9riment\u00e9","og_description":"Croisi\u00e8re en catamaran aux Antilles, d\u00e9couverte des Iles Grenadines avec skipper exp\u00e9riment\u00e9: d\u00e9paysement assur\u00e9! D\u00e9part de Martinique.","og_url":"http:\/\/www.les-antilles-en-voilier\/infocroisiere\/","og_site_name":"Les Antilles en Voilier","article_publisher":"https:\/\/www.facebook.com\/thomascapvoile\/","article_modified_time":"2020-08-08T10:43:02+00:00","og_image":[{"width":410,"height":410,"url":"http:\/\/www.les-antilles-en-voilier.com\/infocroisiere\/wp-content\/uploads\/2018\/09\/T2017.jpg","type":"image\/jpeg"}],"twitter_card":"summary_large_image","schema":{"@context":"https:\/\/schema.org","@graph":[{"@type":"WebPage","@id":"http:\/\/www.les-antilles-en-voilier.com\/infocroisiere\/skippers\/","url":"http:\/\/www.les-antilles-en-voilier\/infocroisiere\/","name":"Skipper aux Antilles: croisi\u00e8re en catamaran avec un skipper exp\u00e9riment\u00e9","isPartOf":{"@id":"https:\/\/www.les-antilles-en-voilier.com\/infocroisiere\/#website"},"primaryImageOfPage":{"@id":"http:\/\/www.les-antilles-en-voilier\/infocroisiere\/#primaryimage"},"image":{"@id":"http:\/\/www.les-antilles-en-voilier\/infocroisiere\/#primaryimage"},"thumbnailUrl":"http:\/\/www.les-antilles-en-voilier.com\/infocroisiere\/wp-content\/uploads\/2018\/09\/T2017.jpg","datePublished":"2018-09-18T12:02:02+00:00","dateModified":"2020-08-08T10:43:02+00:00","description":"Croisi\u00e8re en catamaran aux Antilles, d\u00e9couverte des Iles Grenadines avec skipper exp\u00e9riment\u00e9: d\u00e9paysement assur\u00e9! D\u00e9part de Martinique.","breadcrumb":{"@id":"http:\/\/www.les-antilles-en-voilier\/infocroisiere\/#breadcrumb"},"inLanguage":"fr-FR","potentialAction":[{"@type":"ReadAction","target":["http:\/\/www.les-antilles-en-voilier\/infocroisiere\/"]}]},{"@type":"ImageObject","inLanguage":"fr-FR","@id":"http:\/\/www.les-antilles-en-voilier\/infocroisiere\/#primaryimage","url":"http:\/\/www.les-antilles-en-voilier.com\/infocroisiere\/wp-content\/uploads\/2018\/09\/T2017.jpg","contentUrl":"http:\/\/www.les-antilles-en-voilier.com\/infocroisiere\/wp-content\/uploads\/2018\/09\/T2017.jpg","width":410,"height":410},{"@type":"BreadcrumbList","@id":"http:\/\/www.les-antilles-en-voilier\/infocroisiere\/#breadcrumb","itemListElement":[{"@type":"ListItem","position":1,"name":"Accueil","item":"https:\/\/www.les-antilles-en-voilier.com\/infocroisiere\/"},{"@type":"ListItem","position":2,"name":"Mes skippers"}]},{"@type":"WebSite","@id":"https:\/\/www.les-antilles-en-voilier.com\/infocroisiere\/#website","url":"https:\/\/www.les-antilles-en-voilier.com\/infocroisiere\/","name":"Les Antilles en Voilier","description":"Location de catamaran aux Antilles avec skipper","publisher":{"@id":"https:\/\/www.les-antilles-en-voilier.com\/infocroisiere\/#organization"},"potentialAction":[{"@type":"SearchAction","target":{"@type":"EntryPoint","urlTemplate":"https:\/\/www.les-antilles-en-voilier.com\/infocroisiere\/?s={search_term_string}"},"query-input":"required name=search_term_string"}],"inLanguage":"fr-FR"},{"@type":"Organization","@id":"https:\/\/www.les-antilles-en-voilier.com\/infocroisiere\/#organization","name":"SARL Cap Croisi\u00e8res Voile","url":"https:\/\/www.les-antilles-en-voilier.com\/infocroisiere\/","logo":{"@type":"ImageObject","inLanguage":"fr-FR","@id":"https:\/\/www.les-antilles-en-voilier.com\/infocroisiere\/#\/schema\/logo\/image\/","url":"http:\/\/www.les-antilles-en-voilier.com\/infocroisiere\/wp-content\/uploads\/2020\/08\/LOGOCCV.png","contentUrl":"http:\/\/www.les-antilles-en-voilier.com\/infocroisiere\/wp-content\/uploads\/2020\/08\/LOGOCCV.png","width":805,"height":739,"caption":"SARL Cap Croisi\u00e8res Voile"},"image":{"@id":"https:\/\/www.les-antilles-en-voilier.com\/infocroisiere\/#\/schema\/logo\/image\/"},"sameAs":["https:\/\/www.facebook.com\/thomascapvoile\/"]}]}},"_links":{"self":[{"href":"http:\/\/www.les-antilles-en-voilier.com\/infocroisiere\/wp-json\/wp\/v2\/pages\/2"}],"collection":[{"href":"http:\/\/www.les-antilles-en-voilier.com\/infocroisiere\/wp-json\/wp\/v2\/pages"}],"about":[{"href":"http:\/\/www.les-antilles-en-voilier.com\/infocroisiere\/wp-json\/wp\/v2\/types\/page"}],"author":[{"embeddable":true,"href":"http:\/\/www.les-antilles-en-voilier.com\/infocroisiere\/wp-json\/wp\/v2\/users\/1"}],"replies":[{"embeddable":true,"href":"http:\/\/www.les-antilles-en-voilier.com\/infocroisiere\/wp-json\/wp\/v2\/comments?post=2"}],"version-history":[{"count":4,"href":"http:\/\/www.les-antilles-en-voilier.com\/infocroisiere\/wp-json\/wp\/v2\/pages\/2\/revisions"}],"predecessor-version":[{"id":444,"href":"http:\/\/www.les-antilles-en-voilier.com\/infocroisiere\/wp-json\/wp\/v2\/pages\/2\/revisions\/444"}],"wp:featuredmedia":[{"embeddable":true,"href":"http:\/\/www.les-antilles-en-voilier.com\/infocroisiere\/wp-json\/wp\/v2\/media\/16"}],"wp:attachment":[{"href":"http:\/\/www.les-antilles-en-voilier.com\/infocroisiere\/wp-json\/wp\/v2\/media?parent=2"}],"curies":[{"name":"wp","href":"https:\/\/api.w.org\/{rel}","templated":true}]}}